{"id":11696,"date":"2025-11-07T10:18:31","date_gmt":"2025-11-07T09:18:31","guid":{"rendered":"https:\/\/allgaeu-events.hb-dev.de\/agb\/"},"modified":"2026-02-16T12:55:33","modified_gmt":"2026-02-16T11:55:33","slug":"agb","status":"publish","type":"page","link":"https:\/\/allgaeu-events.com\/en\/agb\/","title":{"rendered":"AGB"},"content":{"rendered":"\t\t<div data-elementor-type=\"wp-page\" data-elementor-id=\"11696\" class=\"elementor elementor-11696 elementor-300\" data-elementor-post-type=\"page\">\n\t\t\t\t<div class=\"elementor-element elementor-element-1fec4278 e-flex e-con-boxed e-con e-parent\" data-id=\"1fec4278\" data-element_type=\"container\" data-e-type=\"container\">\n\t\t\t\t\t<div class=\"e-con-inner\">\n\t\t<div class=\"elementor-element elementor-element-4b0178e8 e-flex e-con-boxed e-con e-child\" data-id=\"4b0178e8\" data-element_type=\"container\" data-e-type=\"container\" data-settings=\"{&quot;background_background&quot;:&quot;classic&quot;}\">\n\t\t\t\t\t<div class=\"e-con-inner\">\n\t\t\t\t<div class=\"elementor-element elementor-element-4e542967 elementor-widget elementor-widget-spacer\" data-id=\"4e542967\" data-element_type=\"widget\" data-e-type=\"widget\" data-widget_type=\"spacer.default\">\n\t\t\t\t\t\t\t<div class=\"elementor-spacer\">\n\t\t\t<div class=\"elementor-spacer-inner\"><\/div>\n\t\t<\/div>\n\t\t\t\t\t\t<\/div>\n\t\t<div class=\"elementor-element elementor-element-42e2a350 e-flex e-con-boxed e-con e-child\" data-id=\"42e2a350\" data-element_type=\"container\" data-e-type=\"container\">\n\t\t\t\t\t<div class=\"e-con-inner\">\n\t\t<div class=\"elementor-element elementor-element-6d341e29 e-con-full e-flex e-con e-child\" data-id=\"6d341e29\" data-element_type=\"container\" data-e-type=\"container\">\n\t\t<div class=\"elementor-element elementor-element-7ebd58a7 e-con-full e-flex e-con e-child\" data-id=\"7ebd58a7\" data-element_type=\"container\" data-e-type=\"container\">\n\t\t\t\t<div class=\"elementor-element elementor-element-18aef0fa elementor-widget__width-initial elementor-widget-tablet_extra__width-inherit elementor-invisible elementor-widget elementor-widget-heading\" data-id=\"18aef0fa\" data-element_type=\"widget\" data-e-type=\"widget\" data-settings=\"{&quot;_animation&quot;:&quot;fadeIn&quot;,&quot;_animation_delay&quot;:500}\" data-widget_type=\"heading.default\">\n\t\t\t\t\t<h1 class=\"elementor-heading-title elementor-size-default\">General Terms and Conditions<\/h1>\t\t\t\t<\/div>\n\t\t\t\t<div class=\"elementor-element elementor-element-1077514b elementor-absolute e-transform elementor-invisible elementor-widget elementor-widget-image\" data-id=\"1077514b\" data-element_type=\"widget\" data-e-type=\"widget\" data-settings=\"{&quot;_position&quot;:&quot;absolute&quot;,&quot;_animation&quot;:&quot;fadeIn&quot;,&quot;_animation_delay&quot;:500,&quot;_transform_scale_effect&quot;:{&quot;unit&quot;:&quot;px&quot;,&quot;size&quot;:0,&quot;sizes&quot;:[]},&quot;_transform_scale_effect_laptop&quot;:{&quot;unit&quot;:&quot;px&quot;,&quot;size&quot;:&quot;&quot;,&quot;sizes&quot;:[]},&quot;_transform_scale_effect_tablet_extra&quot;:{&quot;unit&quot;:&quot;px&quot;,&quot;size&quot;:&quot;&quot;,&quot;sizes&quot;:[]},&quot;_transform_scale_effect_tablet&quot;:{&quot;unit&quot;:&quot;px&quot;,&quot;size&quot;:&quot;&quot;,&quot;sizes&quot;:[]},&quot;_transform_scale_effect_mobile_extra&quot;:{&quot;unit&quot;:&quot;px&quot;,&quot;size&quot;:&quot;&quot;,&quot;sizes&quot;:[]},&quot;_transform_scale_effect_mobile&quot;:{&quot;unit&quot;:&quot;px&quot;,&quot;size&quot;:&quot;&quot;,&quot;sizes&quot;:[]}}\" data-widget_type=\"image.default\">\n\t\t\t\t\t\t\t\t\t\t\t\t\t\t\t<img fetchpriority=\"high\" decoding=\"async\" width=\"392\" height=\"390\" src=\"https:\/\/allgaeu-events.com\/wp-content\/uploads\/2025\/11\/magic-shape-yellow.svg\" class=\"attachment-full size-full wp-image-10323\" alt=\"\" \/>\t\t\t\t\t\t\t\t\t\t\t\t\t\t\t<\/div>\n\t\t\t\t<\/div>\n\t\t\t\t<\/div>\n\t\t\t\t\t<\/div>\n\t\t\t\t<\/div>\n\t\t\t\t<div class=\"elementor-element elementor-element-543cd3ac elementor-widget elementor-widget-spacer\" data-id=\"543cd3ac\" data-element_type=\"widget\" data-e-type=\"widget\" data-widget_type=\"spacer.default\">\n\t\t\t\t\t\t\t<div class=\"elementor-spacer\">\n\t\t\t<div class=\"elementor-spacer-inner\"><\/div>\n\t\t<\/div>\n\t\t\t\t\t\t<\/div>\n\t\t\t\t\t<\/div>\n\t\t\t\t<\/div>\n\t\t\t\t\t<\/div>\n\t\t\t\t<\/div>\n\t\t<div class=\"elementor-element elementor-element-41c0954c e-flex e-con-boxed e-con e-parent\" data-id=\"41c0954c\" data-element_type=\"container\" data-e-type=\"container\">\n\t\t\t\t\t<div class=\"e-con-inner\">\n\t\t<div class=\"elementor-element elementor-element-ec500a9 e-flex e-con-boxed e-con e-child\" data-id=\"ec500a9\" data-element_type=\"container\" data-e-type=\"container\" data-settings=\"{&quot;background_background&quot;:&quot;classic&quot;}\">\n\t\t\t\t\t<div class=\"e-con-inner\">\n\t\t\t\t<div class=\"elementor-element elementor-element-561feb63 elementor-widget elementor-widget-spacer\" data-id=\"561feb63\" data-element_type=\"widget\" data-e-type=\"widget\" data-widget_type=\"spacer.default\">\n\t\t\t\t\t\t\t<div class=\"elementor-spacer\">\n\t\t\t<div class=\"elementor-spacer-inner\"><\/div>\n\t\t<\/div>\n\t\t\t\t\t\t<\/div>\n\t\t<div class=\"elementor-element elementor-element-1264842c e-flex e-con-boxed e-con e-child\" data-id=\"1264842c\" data-element_type=\"container\" data-e-type=\"container\">\n\t\t\t\t\t<div class=\"e-con-inner\">\n\t\t<div class=\"elementor-element elementor-element-75422b10 e-con-full e-flex e-con e-child\" data-id=\"75422b10\" data-element_type=\"container\" data-e-type=\"container\">\n\t\t<div class=\"elementor-element elementor-element-6c66073d e-con-full e-flex e-con e-child\" data-id=\"6c66073d\" data-element_type=\"container\" data-e-type=\"container\">\n\t\t\t\t<div class=\"elementor-element elementor-element-14c63d8e elementor-widget elementor-widget-text-editor\" data-id=\"14c63d8e\" data-element_type=\"widget\" data-e-type=\"widget\" data-widget_type=\"text-editor.default\">\n\t\t\t\t\t\t\t\t\t<h3><strong>\u00a7 1 Agency&nbsp;<\/strong><\/h3>\n<p>Allg\u00e4u Events GmbH &amp; Co. KG is a full-service event agency. It offers event concepts tailored to the specific requirements of the client, including their execution and follow-up. The events include team building, incentives, kick-off events, conferences, and adventure trips in indoor and outdoor areas.  <\/p><p>&nbsp;<\/p>\n<h3><strong>\u00a7 2 Contract&nbsp;<\/strong><\/h3>\n<p>Only these terms and conditions are part of the contract. Any terms and conditions of the client are not recognized. A contract between the client and Allg\u00e4u Events GmbH &amp; Co. KG can be concluded in writing or orally. The basis of a contract between the client and Allg\u00e4u Events GmbH &amp; Co. KG is the individually configured proposal and the calculation prepared based on the Allg\u00e4u Events GmbH &amp; Co. KG service rates. The client incurs no costs for the preparation of the offer, including the calculation. If a third party has placed an order for a client, they are jointly and severally liable with the client to Allg\u00e4u Events GmbH &amp; Co. KG. Allg\u00e4u Events GmbH &amp; Co. KG may demand a reasonable advance payment from the client and\/or the third party.      <\/p>\n<p>The scope of the contractual services of Allg\u00e4u Events GmbH &amp; Co. KG is detailed in the confirmation. For the chosen mode of transport, the respective terms and conditions of the operating company or airlines apply. Allg\u00e4u Events GmbH &amp; Co. KG is not liable for the provision of transport services themselves. Ancillary agreements such as additional services, special requests, and special services require explicit confirmation.   <\/p>\n<p>All contractual fees, cancellation and processing fees, as well as other costs, are due by the payment deadline specified on the invoice. Costs for special services (ancillary agreements) and disbursed expenses will be billed separately.<br> <\/p>\n<p>The client may only offset claims against Allg\u00e4u Events GmbH &amp; Co. KG if the client&#8217;s counterclaim is undisputed or a legally binding title exists. A right of retention and the withholding of payments is excluded, unless it is based on the same contractual relationship. <\/p>\n<p>Allg\u00e4u Events GmbH &amp; Co. KG reserves the right to change the transport company, the mode of transport, the departure or return location, as well as changes to arrival and departure times or the route, and these are permitted, provided this is reasonable for the client. No liability is assumed for damages resulting therefrom. In the case of substitute transport by train, only the costs of a second-class train journey will be covered.  <\/p>\n<p>Allg\u00e4u Events GmbH &amp; Co. KG reserves the right to change the agreed, confirmed prices for objectively justified, significant, and unforeseeable reasons (reduction in participants, change in fuel prices, taxes, fees, duties, etc.) to the extent that their increase per participant affects the participant price (total price: number of participants). Allg\u00e4u Events GmbH &amp; Co. KG may terminate the contract without notice if the client behaves in a strongly contract-breaching manner despite a corresponding warning. However, Allg\u00e4u Events GmbH &amp; Co. KG retains the right to contractual fees\/prices minus any saved expenses plus disbursed costs. In the event of claims by third parties, the client must indemnify Allg\u00e4u Events GmbH &amp; Co. KG.    <\/p>\n<p>The client&#8217;s warranty rights are determined by travel contract law according to \u00a7\u00a7 651 a ff BGB (German Civil Code).<\/p>\n<p>The client is solely responsible for complying with passport, visa, customs, foreign exchange, and health regulations. All disadvantages arising from non-compliance with these regulations are at their expense, unless Allg\u00e4u Events GmbH &amp; Co. KG negligently failed to provide the necessary information or provided it incorrectly to the client. This also applies in the event of changes to the aforementioned regulations after the conclusion of the contract.  <\/p>\n<p>Deviating contract amendments, as well as ancillary agreements and all declarations of intent such as cancellations, withdrawal declarations, etc., require written form to be effective. The invalidity of individual provisions of the event contract does not result in the invalidity of the entire contract. The same applies to these terms and conditions. Invalid provisions\/conditions are to be replaced by a provision\/condition that comes closest to their economic and legal content.   &nbsp;<\/p><p><br><\/p>\n<h3><strong>\u00a7 2a Payment Terms&nbsp;<\/strong><\/h3>\n<p>Unless expressly agreed otherwise, a down payment of 50% of the agreed service volume is to be made after the order has been placed.<br>The remaining 50% of the agreed service volume must be paid into the account of Allg\u00e4u Events GmbH &amp; Co. KG up to 4 weeks before the start of the event.<br>If payments are not received on time, the organizer is not obliged to fulfill the contract. The claim of Allg\u00e4u Events GmbH &amp; Co. KG for payment of the agreed contract sum remains unaffected. Default interest can be charged at a rate of 5% above the respective base interest rate per annum. The right to claim higher damages for delay remains reserved.   &nbsp;<\/p><p><br><\/p>\n<h3><strong>\u00a7 3 Cancellation&nbsp;<\/strong><\/h3>\n<p>In the event of a cancellation of a confirmed event for reasons not attributable to the organizer, which should in any case be made in writing in the interest of the client and for evidentiary purposes, the following cancellation conditions apply:&nbsp;<\/p>\n<h3><strong>\u00a7 3.1 Cancellation<\/strong><\/h3>\n<ul>\n<li>After signing the order confirmation, in the event of a cancellation or<br>partial cancellation (reduction in participant numbers)<\/li>\n<li>65% of the event price is to be paid up to 60 days before the start of the event.<\/li>\n<li>75% of the event price is to be paid 60 to 30 days before the start of the event.<\/li>\n<li>100% of the event price is to be paid from 30 days before the start of the event.<\/li>\n<\/ul>\n<p>All listed amounts in the cost breakdown are taken into account and<br>calculated.<\/p>\n<h3><strong>\u00a7 3.2 Special conditions for hotel and flight bookings as well as services from third-party providers<\/strong><\/h3>\n<p>In the event of a reservation or booking of hotels and\/or flights as well as services from third-party providers, only the current cancellation conditions of the respective service providers apply. Upon request, the client will be presented with the cancellation conditions of the respective service provider. For all other services, the cancellation conditions of 3.1 apply.  <\/p><p><br><\/p>\n<h3><strong>\u00a7 4 Termination of the contract due to extraordinary circumstances<\/strong><\/h3>\n<p>If the event is significantly hindered, endangered, or impaired due to unforeseeable force majeure at the time of contract conclusion or circumstances affecting Allg\u00e4u Events GmbH &amp; Co. KG, especially those outside the sphere of influence of Allg\u00e4u Events GmbH &amp; Co. KG, both the organizer and the client may terminate the contract.<br>If the contract is terminated, Allg\u00e4u Events GmbH &amp; Co. KG is entitled to demand reasonable compensation for services already rendered or yet to be rendered.<\/p><p><br><\/p>\n<h3><strong>\u00a7 5 Duty of Care and Liability&nbsp;<\/strong><\/h3>\n<p>Allg\u00e4u Events GmbH &amp; Co. KG is liable, within the scope of the duty of care of a diligent merchant, for the conscientious organization and execution of the event, the careful selection and supervision of service providers, the accuracy of the service descriptions according to the proposal, and for the proper provision of the contractually agreed services. Allg\u00e4u Events GmbH &amp; Co. KG is liable for contractual breaches of duty and for tort only in cases of intent and gross negligence, including intent or gross negligence of its representatives or vicarious agents.<br>If the participant price per participant exceeds Euro 1,350.00, liability per participant is limited to three times the participant price.<br>Allg\u00e4u Events GmbH &amp; Co. KG is not liable for service disruptions in the area of<br>third-party services that are merely brokered (e.g., sports events, exhibitions, etc.) and are expressly identified as such in the confirmation.<br>Participation in sports activities or other similar activities is the sole responsibility of the client or each participant. Sports facilities, equipment, and vehicles must be checked by the client or participant before use. Allg\u00e4u Events GmbH &amp; Co. KG is only liable for accidents occurring during sports activities or other similar activities if Allg\u00e4u Events GmbH &amp; Co. KG is at fault.<br>Liability for culpable injury to life, body, and health remains unaffected. In this respect, liability exists for every degree of fault.    <\/p><p><br><\/p>\n<h3><strong>\u00a7 6 Safety<\/strong><\/h3>\n<p>Adherence to the highest international and our own safety standards is the most important framework condition for every event at Allg\u00e4u Events GmbH &amp; Co. KG.<\/p><p><br><\/p>\n<h3><strong>\u00a7 7 Terms of Deployment for the Guide Team<\/strong><\/h3>\n<p>For the proper execution of the event, special terms of deployment apply to the deployed<br>guide team, which are regulated below.<\/p>\n<h3><strong>\u00a7 7.1 Catering<\/strong><\/h3>\n<p>Allg\u00e4u Events GmbH &amp; Co. KG reserves the right to require the client to provide or cover appropriate catering and suitable non-alcoholic beverages for the deployed guide team. The scope, timing, and type of provision are at the discretion of the responsible project manager or head guide and are adapted to the respective duration of deployment and event format. If the client does not provide these, Allg\u00e4u Events GmbH &amp; Co. KG reserves the right to bill the resulting expenses separately.  <\/p>\n<h3><strong>\u00a7 7.2 Accommodation <\/strong><\/h3>\n<p>For a total deployment time of more than 10 hours \u2013 including travel to and from the location \u2013 Allg\u00e4u Events GmbH &amp; Co. KG organizes suitable accommodation for the deployed guide team. The resulting costs will be charged to the client. The decision regarding the type, location, and extent of accommodation is at the discretion of Allg\u00e4u Events GmbH &amp; Co. KG, taking into account reasonableness and economic efficiency.  <\/p><p><br><\/p>\n<h3><strong>\u00a7 8 Invalidity of individual provisions <\/strong><\/h3>\n<p>The invalidity of individual provisions of the contract does not result in the invalidity of the entire contract.<\/p><p><br><\/p>\n<h3><strong>\u00a7 9 Place of Jurisdiction <\/strong><\/h3>\n<p>For all legal relationships between the client and the organizer, the law of the Federal Republic of Germany applies exclusively. The application of the UN Convention on Contracts for the International Sale of Goods of April 11, 1980, is excluded. If the contractual partner is a merchant or a legal entity or an entrepreneur within the meaning of \u00a714 BGB, the place of jurisdiction for all claims arising from this contractual relationship is Kempten im Allg\u00e4u.  <\/p>\t\t\t\t\t\t\t\t<\/div>\n\t\t\t\t<\/div>\n\t\t\t\t<\/div>\n\t\t\t\t\t<\/div>\n\t\t\t\t<\/div>\n\t\t\t\t<div class=\"elementor-element elementor-element-1a112706 elementor-widget elementor-widget-spacer\" data-id=\"1a112706\" data-element_type=\"widget\" data-e-type=\"widget\" data-widget_type=\"spacer.default\">\n\t\t\t\t\t\t\t<div class=\"elementor-spacer\">\n\t\t\t<div class=\"elementor-spacer-inner\"><\/div>\n\t\t<\/div>\n\t\t\t\t\t\t<\/div>\n\t\t\t\t\t<\/div>\n\t\t\t\t<\/div>\n\t\t\t\t\t<\/div>\n\t\t\t\t<\/div>\n\t\t\t\t<\/div>\n\t\t","protected":false},"excerpt":{"rendered":"<p>General Terms and Conditions \u00a7 1 Agency&nbsp; Allg\u00e4u Events GmbH &amp; Co. KG is a full-service event agency. It offers event concepts tailored to the specific requirements of the client, including their execution and follow-up. The events include team building, incentives, kick-off events, conferences, and adventure trips in indoor and outdoor areas. &nbsp; \u00a7 2 [&hellip;]<\/p>\n","protected":false},"author":1,"featured_media":0,"parent":0,"menu_order":55,"comment_status":"closed","ping_status":"closed","template":"","meta":{"_acf_changed":false,"footnotes":""},"class_list":["post-11696","page","type-page","status-publish","hentry"],"acf":[],"_links":{"self":[{"href":"https:\/\/allgaeu-events.com\/en\/wp-json\/wp\/v2\/pages\/11696","targetHints":{"allow":["GET"]}}],"collection":[{"href":"https:\/\/allgaeu-events.com\/en\/wp-json\/wp\/v2\/pages"}],"about":[{"href":"https:\/\/allgaeu-events.com\/en\/wp-json\/wp\/v2\/types\/page"}],"author":[{"embeddable":true,"href":"https:\/\/allgaeu-events.com\/en\/wp-json\/wp\/v2\/users\/1"}],"replies":[{"embeddable":true,"href":"https:\/\/allgaeu-events.com\/en\/wp-json\/wp\/v2\/comments?post=11696"}],"version-history":[{"count":0,"href":"https:\/\/allgaeu-events.com\/en\/wp-json\/wp\/v2\/pages\/11696\/revisions"}],"wp:attachment":[{"href":"https:\/\/allgaeu-events.com\/en\/wp-json\/wp\/v2\/media?parent=11696"}],"curies":[{"name":"wp","href":"https:\/\/api.w.org\/{rel}","templated":true}]}}